{"id":72,"date":"2019-10-20T08:39:47","date_gmt":"2019-10-20T06:39:47","guid":{"rendered":"https:\/\/www.rollers-coquillages.org\/wp2019\/?page_id=72"},"modified":"2021-08-05T16:41:17","modified_gmt":"2021-08-05T14:41:17","slug":"photos-goodies","status":"publish","type":"page","link":"https:\/\/www.rollers-coquillages.org\/fr\/photos-goodies\/","title":{"rendered":"Photos\/Goodies"},"content":{"rendered":"<body><p><\/p>\n<h2 id=\"phototheque\">Phototh\u00e8que<\/h2>\n<p style=\"text-align: left;\">Notre galerie de photos est h\u00e9berg\u00e9e sur Flickr :<\/p>\n<p style=\"text-align: center;\"><a class=\"maxbutton-1 maxbutton maxbutton-adherer\" href=\"https:\/\/www.flickr.com\/photos\/rollers-coquillages\/sets\/\"><span class=\"mb-text\">Aller \u00e0 la Phototh\u00e8que<\/span><\/a><\/p>\n<p>Vous y trouverez des albums de photos prises lors des randonn\u00e9es du dimanche ou des \u00e9v\u00e8nements adh\u00e9rents.<\/p>\n<p style=\"text-align: center;\"><a href=\"https:\/\/i0.wp.com\/www.rollers-coquillages.org\/wp2019\/wp-content\/uploads\/2019\/12\/opera.jpg?ssl=1\"><img data-recalc-dims=\"1\" loading=\"lazy\" decoding=\"async\" class=\"alignnone size-full wp-image-410\" src=\"https:\/\/i0.wp.com\/www.rollers-coquillages.org\/wp2019\/wp-content\/uploads\/2019\/12\/opera.jpg?resize=606%2C447&#038;ssl=1\" alt=\"\" width=\"606\" height=\"447\" srcset=\"https:\/\/i0.wp.com\/www.rollers-coquillages.org\/wp2019\/wp-content\/uploads\/2019\/12\/opera.jpg?w=606&amp;ssl=1 606w, https:\/\/i0.wp.com\/www.rollers-coquillages.org\/wp2019\/wp-content\/uploads\/2019\/12\/opera.jpg?resize=300%2C221&amp;ssl=1 300w\" sizes=\"auto, (max-width: 606px) 100vw, 606px\"><\/a><\/p>\n<h3 id=\"delais-de-mise-en-ligne\">D\u00e9lais de mise en ligne<\/h3>\n<p>La mise en ligne de ces photos prend un temps variable, d\u2019environ une \u00e0 parfois plusieurs semaine, suivant la disponibilit\u00e9 des b\u00e9n\u00e9voles qui s\u2019en occupent, pour:<\/p>\n<ol>\n<li>collecter, apr\u00e8s la rando, les photos depuis les cartes-m\u00e9moire des photographes pr\u00e9sents (et parfois on n\u2019a pas le temps de le faire juste apr\u00e8s la rando, il faut alors convenir d\u2019un rendez-vous\u2026),<\/li>\n<li>faire quelques op\u00e9rations techniques sur ces photos (mise au format d\u2019image, mise au format du nom, insertion du filigrane\u2026),<\/li>\n<li>faire un tri pour r\u00e9duire de parfois plus d\u2019un millier de photos \u00e0 un nombre raisonnable (de l\u2019ordre de 250 par randonn\u00e9e). Le tri s\u2019op\u00e8re sur des crit\u00e8res techniques (flou, lumi\u00e8re\u2026), de sujets (en principe pas de photos reconnaissables des policiers qui nous accompagnent, pas de photos risquant \u00e9videmment de compromettre la vie priv\u00e9e des gens\u2026), de vari\u00e9t\u00e9 (de sites, d\u2019angles de prise de vue, de personnes\u2026),<\/li>\n<li>proc\u00e9der \u00e0 la mise en ligne de l\u2019album.<\/li>\n<\/ol>\n<p>Une fois l\u2019album pr\u00eat, c\u2019est annonc\u00e9 sur notre groupe Facebook.<br>\nGrand merci \u00e0 nos b\u00e9n\u00e9voles pour ce travail important et parfois fastidieux, semaine apr\u00e8s semaine, pour votre plaisir !<\/p>\n<h3 id=\"droit-a-l%e2%80%99image\">Droit \u00e0 l\u2019image<\/h3>\n<p><span class=\"_5yl5\">La photographie prise dans un lieu public n\u2019est pas soumise \u00e0 autorisation de la personne photographi\u00e9e sous r\u00e9serve de ne pas porter atteinte \u00e0 sa dignit\u00e9. Mais si vous d\u00e9sirez <\/span>que ne soit pas diffus\u00e9e une photo sur laquelle vous \u00eates en premier plan ou au centre, envoyez nous un mail (<a href=\"mailto:phototheque@rollers-coquillages.org\">phototheque@rollers-coquillages.org<\/a>).<br>\nSoyez pr\u00e9cis pour faciliter l\u2019op\u00e9ration ; le nom de la photo suit le format :<br>\nann\u00e9e_mois_jour heure_minute_seconde-(initiales auteur)-NomOriginelPhoto.JPG (par exemple 2019_10_13 14_45_30-(XC)-P1400610 )<\/p>\n<h3 id=\"demande-de-photos-en-haute-resolution\">Demande de photos en haute-r\u00e9solution<\/h3>\n<p>A l\u2019inverse, si vous d\u00e9sirez avoir quelques photos en haute d\u00e9finition, c\u2019est possible aussi.<br>\nIl suffit de m\u00eame d\u2019envoyer un email (<a href=\"mailto:phototheque@rollers-coquillages.org\">phototheque@rollers-coquillages.org<\/a>) avec les noms des photos (suivant le format ci-dessus). Dans un d\u00e9lai variable, elles vous seront envoy\u00e9es.\u00a0 Seules limites : Vous vous engagez \u00e0 ne pas utiliser ces photos pour un usage commercial, mais strictement pour un usage personnel et dans le cadre de la famille. Ne demandez pas trop de photos \u00e0 la fois. Et faites attention \u00e0 ce que les mails n\u2019aillent pas directement dans la partie spam de votre h\u00e9bergeur.<\/p>\n<h2 id=\"boutique-de-goodies\">Boutique de goodies<\/h2>\n<p><a href=\"https:\/\/i0.wp.com\/www.rollers-coquillages.org\/wp2019\/wp-content\/uploads\/2019\/12\/mug.jpg?ssl=1\"><img data-recalc-dims=\"1\" loading=\"lazy\" decoding=\"async\" class=\"alignleft wp-image-407\" src=\"https:\/\/i0.wp.com\/www.rollers-coquillages.org\/wp2019\/wp-content\/uploads\/2019\/12\/mug.jpg?resize=111%2C97&#038;ssl=1\" alt=\"\" width=\"111\" height=\"97\" srcset=\"https:\/\/i0.wp.com\/www.rollers-coquillages.org\/wp2019\/wp-content\/uploads\/2019\/12\/mug.jpg?resize=300%2C261&amp;ssl=1 300w, https:\/\/i0.wp.com\/www.rollers-coquillages.org\/wp2019\/wp-content\/uploads\/2019\/12\/mug.jpg?w=464&amp;ssl=1 464w\" sizes=\"auto, (max-width: 111px) 100vw, 111px\"><\/a><a href=\"https:\/\/i0.wp.com\/www.rollers-coquillages.org\/wp2019\/wp-content\/uploads\/2019\/12\/tshirt.jpg?ssl=1\"><img data-recalc-dims=\"1\" loading=\"lazy\" decoding=\"async\" class=\" wp-image-409 alignright\" src=\"https:\/\/i0.wp.com\/www.rollers-coquillages.org\/wp2019\/wp-content\/uploads\/2019\/12\/tshirt.jpg?resize=213%2C238&#038;ssl=1\" alt=\"\" width=\"213\" height=\"238\" srcset=\"https:\/\/i0.wp.com\/www.rollers-coquillages.org\/wp2019\/wp-content\/uploads\/2019\/12\/tshirt.jpg?resize=269%2C300&amp;ssl=1 269w, https:\/\/i0.wp.com\/www.rollers-coquillages.org\/wp2019\/wp-content\/uploads\/2019\/12\/tshirt.jpg?w=438&amp;ssl=1 438w\" sizes=\"auto, (max-width: 213px) 100vw, 213px\"><\/a>Un certain nombre de produits \u00e0 la \u00ab\u00a0marque\u00a0\u00bb de Rollers &amp; Coquillages sont disponibles \u00e0 la vente : t-shirts et autres v\u00eatements, mugs, tapis de souris, etc\u2026<\/p>\n<p style=\"text-align: center;\"><a class=\"maxbutton-1 maxbutton maxbutton-adherer\" href=\"https:\/\/RollersEtCoquillages.myspreadshop.fr\/\"><span class=\"mb-text\">Aller \u00e0 la Boutique<\/span><\/a><\/p>\n<p>Que ce soit pour faire un cadeau, pour le plaisir de \u00ab\u00a0porter nos couleurs\u00a0\u00bb, n\u2019h\u00e9sitez surtout pas.\u00a0 Une petite commission sur les ventes est per\u00e7ue par l\u2019Association, \u00e7a vient compl\u00e9ter notre budget \ud83d\ude09<\/p>\n<h3 id=\"conditions-de-vente\">Conditions de vente<\/h3>\n<p><em><strong>Toutes les ventes se font exclusivement sur le site partenaire Spreadshirt, sous l\u2019unique responsabilit\u00e9 de cette plateforme qui assure la publicit\u00e9, la prise de commande, la fabrication, la facturation, l\u2019encaissement, la livraison, la relation-clients\u2026 Dans notre exp\u00e9rience, ils semblent tout \u00e0 fait fiables et les articles sont de bonne qualit\u00e9, mais encore une fois, si jamais il devait y avoir un probl\u00e8me, c\u2019est entre eux et vous !<\/strong><\/em><\/p><\/body>","protected":false},"excerpt":{"rendered":"<p>Phototh\u00e8que Notre galerie de photos est h\u00e9berg\u00e9e sur Flickr : Vous y trouverez des albums de photos prises lors des &hellip; <a href=\"https:\/\/www.rollers-coquillages.org\/fr\/photos-goodies\/\" class=\"more-link\">Continue reading <span class=\"screen-reader-text\">Photos\/Goodies<\/span><\/a><\/p>\n","protected":false},"author":1,"featured_media":0,"parent":0,"menu_order":0,"comment_status":"closed","ping_status":"closed","template":"page-templates\/sidebar-left.php","meta":{"footnotes":""},"class_list":["post-72","page","type-page","status-publish","hentry"],"jetpack_sharing_enabled":true,"_links":{"self":[{"href":"https:\/\/www.rollers-coquillages.org\/fr\/wp-json\/wp\/v2\/pages\/72","targetHints":{"allow":["GET"]}}],"collection":[{"href":"https:\/\/www.rollers-coquillages.org\/fr\/wp-json\/wp\/v2\/pages"}],"about":[{"href":"https:\/\/www.rollers-coquillages.org\/fr\/wp-json\/wp\/v2\/types\/page"}],"author":[{"embeddable":true,"href":"https:\/\/www.rollers-coquillages.org\/fr\/wp-json\/wp\/v2\/users\/1"}],"replies":[{"embeddable":true,"href":"https:\/\/www.rollers-coquillages.org\/fr\/wp-json\/wp\/v2\/comments?post=72"}],"version-history":[{"count":20,"href":"https:\/\/www.rollers-coquillages.org\/fr\/wp-json\/wp\/v2\/pages\/72\/revisions"}],"predecessor-version":[{"id":1235,"href":"https:\/\/www.rollers-coquillages.org\/fr\/wp-json\/wp\/v2\/pages\/72\/revisions\/1235"}],"wp:attachment":[{"href":"https:\/\/www.rollers-coquillages.org\/fr\/wp-json\/wp\/v2\/media?parent=72"}],"curies":[{"name":"wp","href":"https:\/\/api.w.org\/{rel}","templated":true}]}}