{"id":510,"date":"2020-01-03T16:05:06","date_gmt":"2020-01-03T15:05:06","guid":{"rendered":"https:\/\/www.rollers-coquillages.org\/wp2019\/?page_id=510"},"modified":"2023-11-10T17:33:51","modified_gmt":"2023-11-10T16:33:51","slug":"actualites","status":"publish","type":"page","link":"https:\/\/www.rollers-coquillages.org\/fr\/actualites\/","title":{"rendered":"Actualit\u00e9s"},"content":{"rendered":"<body><p><\/p>\n<h2 id=\"newsletter\">Newsletter<\/h2>\n<p>Pour vous abonner \u00e0 notre newsletter hebdomadaire (parcours du dimanche, petites nouvelles) :<\/p>\n<p style=\"text-align: center;\"><a class=\"maxbutton-1 maxbutton maxbutton-adherer\" href=\"https:\/\/www.rollers-coquillages.org\/newsletter\/\"><span class=\"mb-text\">S'abonner<\/span><\/a><\/p>\n<p>\u00a0<\/p>\n<h2 id=\"blog-d%e2%80%99informations\">Blog d\u2019informations<\/h2>\n<p>Des articles sont r\u00e9guli\u00e8rement post\u00e9s sur le <a href=\"https:\/\/www.rollers-coquillages.org\/wp2019\/blog\/\">BLOG<\/a>.<\/p><\/body>","protected":false},"excerpt":{"rendered":"<p>Newsletter Pour vous abonner \u00e0 notre newsletter hebdomadaire (parcours du dimanche, petites nouvelles) : \u00a0 Blog d\u2019informations Des articles sont &hellip; <a href=\"https:\/\/www.rollers-coquillages.org\/fr\/actualites\/\" class=\"more-link\">Continue reading <span class=\"screen-reader-text\">Actualit\u00e9s<\/span><\/a><\/p>\n","protected":false},"author":1,"featured_media":0,"parent":0,"menu_order":0,"comment_status":"closed","ping_status":"closed","template":"page-templates\/sidebar-left.php","meta":{"footnotes":""},"class_list":["post-510","page","type-page","status-publish","hentry"],"jetpack_sharing_enabled":true,"_links":{"self":[{"href":"https:\/\/www.rollers-coquillages.org\/fr\/wp-json\/wp\/v2\/pages\/510","targetHints":{"allow":["GET"]}}],"collection":[{"href":"https:\/\/www.rollers-coquillages.org\/fr\/wp-json\/wp\/v2\/pages"}],"about":[{"href":"https:\/\/www.rollers-coquillages.org\/fr\/wp-json\/wp\/v2\/types\/page"}],"author":[{"embeddable":true,"href":"https:\/\/www.rollers-coquillages.org\/fr\/wp-json\/wp\/v2\/users\/1"}],"replies":[{"embeddable":true,"href":"https:\/\/www.rollers-coquillages.org\/fr\/wp-json\/wp\/v2\/comments?post=510"}],"version-history":[{"count":5,"href":"https:\/\/www.rollers-coquillages.org\/fr\/wp-json\/wp\/v2\/pages\/510\/revisions"}],"predecessor-version":[{"id":1494,"href":"https:\/\/www.rollers-coquillages.org\/fr\/wp-json\/wp\/v2\/pages\/510\/revisions\/1494"}],"wp:attachment":[{"href":"https:\/\/www.rollers-coquillages.org\/fr\/wp-json\/wp\/v2\/media?parent=510"}],"curies":[{"name":"wp","href":"https:\/\/api.w.org\/{rel}","templated":true}]}}