{"id":21,"date":"2019-10-19T22:31:44","date_gmt":"2019-10-19T20:31:44","guid":{"rendered":"https:\/\/www.rollers-coquillages.org\/wp2019\/?page_id=21"},"modified":"2025-04-11T10:40:20","modified_gmt":"2025-04-11T08:40:20","slug":"contact","status":"publish","type":"page","link":"https:\/\/www.rollers-coquillages.org\/fr\/contact\/","title":{"rendered":"Contact"},"content":{"rendered":"<body><p><\/p>\n<h3 id=\"par-les-reseaux-sociaux\">Par les r\u00e9seaux sociaux<\/h3>\n<p>Groupe Facebook : <a class=\"spip_url spip_out\" href=\"https:\/\/www.facebook.com\/groups\/9918340967\/\" rel=\"nofollow external\">https:\/\/www.facebook.com\/groups\/9918340967\/<\/a><br>\nCompte Twitter : <a class=\"spip_url spip_out\" href=\"https:\/\/twitter.com\/RC_Paris\" rel=\"nofollow external\">https:\/\/twitter.com\/RC_Paris<\/a><br>\nCanal Instagram : <a href=\"https:\/\/www.instagram.com\/rollersetcoquillages\/\">https:\/\/www.instagram.com\/rollersetcoquillages\/<\/a><\/p>\n<h3 id=\"en-s%e2%80%99abonnant-a-la-newsletter-hebdomadaire\">En s\u2019abonnant \u00e0 la Newsletter hebdomadaire<\/h3>\n<p>Pour recevoir \u00e0 l\u2019avance le parcours du dimanche, et quelques informations :<\/p>\n<p style=\"text-align: center;\"><a class=\"maxbutton-1 maxbutton maxbutton-adherer\" href=\"https:\/\/www.rollers-coquillages.org\/fr\/newsletter\/\"><span class=\"mb-text\">S'abonner<\/span><\/a><\/p>\n<p>\u00a0<\/p>\n<h3 id=\"en-personne\">En personne<\/h3>\n<p>Avant le d\u00e9part et apr\u00e8s l\u2019arriv\u00e9e de la randonn\u00e9e, n\u2019h\u00e9sitez pas \u00e0 venir nous voir.\u00a0 On est parfois un peu d\u00e9bord\u00e9s, mais au pire on vous dira de nous retrouver \u00e0 un autre moment.<\/p>\n<h3 id=\"par-le-formulaire-de-contact\">Par le formulaire de contact<\/h3>\n<p>Apr\u00e8s avoir consult\u00e9 la <a href=\"https:\/\/www.rollers-coquillages.org\/wp2019\/faq\/\">FAQ<\/a> pour voir si vous n\u2019y trouveriez pas r\u00e9ponse :<\/p>\n<p><\/p><div class=\"forminator-ui forminator-custom-form forminator-custom-form-1303 forminator-design--default  forminator_ajax\" data-forminator-render=\"0\" data-form=\"forminator-module-1303\" data-uid=\"69f2357de492f\"><br><\/div><form id=\"forminator-module-1303\" class=\"forminator-ui forminator-custom-form forminator-custom-form-1303 forminator-design--default  forminator_ajax\" method=\"post\" data-forminator-render=\"0\" data-form-id=\"1303\" data-color-option=\"default\" data-design=\"default\" data-grid=\"open\" style=\"display: none;\" data-uid=\"69f2357de492f\"><div role=\"alert\" aria-live=\"polite\" class=\"forminator-response-message forminator-error\" aria-hidden=\"true\"><\/div><div class=\"forminator-row\"><div id=\"name-1\" class=\"forminator-field-name forminator-col forminator-col-6 \"><div class=\"forminator-field\"><label for=\"forminator-field-name-1_69f2357de492f\" id=\"forminator-field-name-1_69f2357de492f-label\" class=\"forminator-label\">Votre nom <span class=\"forminator-required\">*<\/span><\/label><input type=\"text\" name=\"name-1\" value=\"\" placeholder=\"Par exemple\u00a0: Jean Dupont\" id=\"forminator-field-name-1_69f2357de492f\" class=\"forminator-input forminator-name--field\" aria-required=\"true\" autocomplete=\"name\"><\/div><\/div><div id=\"email-1\" class=\"forminator-field-email forminator-col forminator-col-6 \"><div class=\"forminator-field\"><label for=\"forminator-field-email-1_69f2357de492f\" id=\"forminator-field-email-1_69f2357de492f-label\" class=\"forminator-label\">Votre adresse mail <span class=\"forminator-required\">*<\/span><\/label><input type=\"email\" name=\"email-1\" value=\"\" placeholder=\"Par exemple\u00a0: jacques@martin.com\" id=\"forminator-field-email-1_69f2357de492f\" class=\"forminator-input forminator-email--field\" data-required=\"true\" aria-required=\"true\" autocomplete=\"email\"><\/div><\/div><\/div><div class=\"forminator-row\"><div id=\"text-1\" class=\"forminator-field-text forminator-col forminator-col-12 \"><div class=\"forminator-field\"><label for=\"forminator-field-text-1_69f2357de492f\" id=\"forminator-field-text-1_69f2357de492f-label\" class=\"forminator-label\">Sujet <span class=\"forminator-required\">*<\/span><\/label><input type=\"text\" name=\"text-1\" value=\"\" placeholder=\"Par exemple\u00a0: texte indicatif\" id=\"forminator-field-text-1_69f2357de492f\" class=\"forminator-input forminator-name--field\" data-required=\"1\" maxlength=\"128\"><span id=\"forminator-field-text-1_69f2357de492f-description\" class=\"forminator-description\"><span data-limit=\"128\" data-type=\"characters\">0 \/ 128<\/span><\/span><\/div><\/div><\/div><div class=\"forminator-row\"><div id=\"textarea-1\" class=\"forminator-field-textarea forminator-col forminator-col-12 \"><div class=\"forminator-field\"><label for=\"forminator-field-textarea-1_69f2357de492f\" id=\"forminator-field-textarea-1_69f2357de492f-label\" class=\"forminator-label\">Message <span class=\"forminator-required\">*<\/span><\/label><textarea name=\"textarea-1\" placeholder=\"Saisissez votre message\u2026\" id=\"forminator-field-textarea-1_69f2357de492f\" class=\"forminator-textarea\" rows=\"6\" style=\"--forminator-textarea-min-height:140px;\" maxlength=\"1024\"><\/textarea><span id=\"forminator-field-textarea-1_69f2357de492f-description\" class=\"forminator-description\"><span data-limit=\"1024\" data-type=\"characters\" data-editor=\"\">0 \/ 1024<\/span><\/span><\/div><\/div><\/div><div class=\"forminator-row\" style=\"margin: 0;\"><div id=\"captcha-1\" class=\"forminator-field-captcha  forminator-col-12 \"><div class=\"forminator-captcha-left forminator-g-recaptcha recaptcha-invisible\" data-theme=\"light\" data-badge=\"bottomright\" data-sitekey=\"6LftnUAfAAAAAOcxX05jJkzKGq8m02hG6sSnj0HB\" data-size=\"invisible\"><\/div> <\/div><\/div><div class=\"forminator-row\"><div id=\"text-2\" class=\"forminator-field-text forminator-col forminator-col-12 \"><div class=\"forminator-field\"><label for=\"forminator-field-text-2_69f2357de492f\" id=\"forminator-field-text-2_69f2357de492f-label\" class=\"forminator-label\">Antispam : combient font 2 plus 2? <span class=\"forminator-required\">*<\/span><\/label><input type=\"text\" name=\"text-2\" value=\"999\" placeholder=\"En chiffres\" id=\"forminator-field-text-2_69f2357de492f\" class=\"forminator-input forminator-name--field\" data-required=\"1\"><\/div><\/div><\/div><input type=\"hidden\" name=\"referer_url\" value=\"\"><div class=\"forminator-row forminator-row-last\"><div class=\"forminator-col\"><div class=\"forminator-field\"><button class=\"forminator-button forminator-button-submit\">Envoyer le message<\/button><\/div><\/div><\/div><input type=\"hidden\" id=\"forminator_nonce\" name=\"forminator_nonce\" value=\"040ad71c6d\"><input type=\"hidden\" name=\"_wp_http_referer\" value=\"\/fr\/wp-json\/wp\/v2\/pages\/21\"><input type=\"hidden\" name=\"form_id\" value=\"1303\"><input type=\"hidden\" name=\"page_id\" value=\"21\"><input type=\"hidden\" name=\"form_type\" value=\"default\"><input type=\"hidden\" name=\"current_url\" value=\"https:\/\/www.rollers-coquillages.org\/fr\/contact\/\"><input type=\"hidden\" name=\"render_id\" value=\"0\"><input type=\"hidden\" name=\"action\" value=\"forminator_submit_form_custom-forms\"><label for=\"input_6\" class=\"forminator-hidden\" aria-hidden=\"true\">Veuillez ne pas remplir ce champ. <input id=\"input_6\" type=\"text\" name=\"input_6\" value=\"\" autocomplete=\"off\"><\/label><\/form><\/body>","protected":false},"excerpt":{"rendered":"<p>Par les r\u00e9seaux sociaux Groupe Facebook : https:\/\/www.facebook.com\/groups\/9918340967\/ Compte Twitter : https:\/\/twitter.com\/RC_Paris Canal Instagram : https:\/\/www.instagram.com\/rollersetcoquillages\/ En s\u2019abonnant \u00e0 la &hellip; <a href=\"https:\/\/www.rollers-coquillages.org\/fr\/contact\/\" class=\"more-link\">Continue reading <span class=\"screen-reader-text\">Contact<\/span><\/a><\/p>\n","protected":false},"author":1,"featured_media":0,"parent":0,"menu_order":0,"comment_status":"closed","ping_status":"closed","template":"page-templates\/sidebar-left.php","meta":{"footnotes":""},"class_list":["post-21","page","type-page","status-publish","hentry"],"jetpack_sharing_enabled":true,"_links":{"self":[{"href":"https:\/\/www.rollers-coquillages.org\/fr\/wp-json\/wp\/v2\/pages\/21","targetHints":{"allow":["GET"]}}],"collection":[{"href":"https:\/\/www.rollers-coquillages.org\/fr\/wp-json\/wp\/v2\/pages"}],"about":[{"href":"https:\/\/www.rollers-coquillages.org\/fr\/wp-json\/wp\/v2\/types\/page"}],"author":[{"embeddable":true,"href":"https:\/\/www.rollers-coquillages.org\/fr\/wp-json\/wp\/v2\/users\/1"}],"replies":[{"embeddable":true,"href":"https:\/\/www.rollers-coquillages.org\/fr\/wp-json\/wp\/v2\/comments?post=21"}],"version-history":[{"count":19,"href":"https:\/\/www.rollers-coquillages.org\/fr\/wp-json\/wp\/v2\/pages\/21\/revisions"}],"predecessor-version":[{"id":1596,"href":"https:\/\/www.rollers-coquillages.org\/fr\/wp-json\/wp\/v2\/pages\/21\/revisions\/1596"}],"wp:attachment":[{"href":"https:\/\/www.rollers-coquillages.org\/fr\/wp-json\/wp\/v2\/media?parent=21"}],"curies":[{"name":"wp","href":"https:\/\/api.w.org\/{rel}","templated":true}]}}