{"id":1387,"date":"2022-10-17T17:47:59","date_gmt":"2022-10-17T15:47:59","guid":{"rendered":"https:\/\/www.rollers-coquillages.org\/?page_id=1387"},"modified":"2022-10-24T09:31:43","modified_gmt":"2022-10-24T07:31:43","slug":"faire-un-don","status":"publish","type":"page","link":"https:\/\/www.rollers-coquillages.org\/fr\/faire-un-don\/","title":{"rendered":"Faire un don"},"content":{"rendered":"<body><p><\/p>\n<p><img data-recalc-dims=\"1\" loading=\"lazy\" decoding=\"async\" class=\"alignleft size-thumbnail wp-image-1392\" src=\"https:\/\/i0.wp.com\/www.rollers-coquillages.org\/wp2019\/wp-content\/uploads\/2022\/10\/soussous-popoche.png?resize=150%2C150&#038;ssl=1\" alt=\"soussous dans la popoche\" width=\"150\" height=\"150\" srcset=\"https:\/\/i0.wp.com\/www.rollers-coquillages.org\/wp2019\/wp-content\/uploads\/2022\/10\/soussous-popoche.png?resize=150%2C150&amp;ssl=1 150w, https:\/\/i0.wp.com\/www.rollers-coquillages.org\/wp2019\/wp-content\/uploads\/2022\/10\/soussous-popoche.png?zoom=2&amp;resize=150%2C150&amp;ssl=1 300w, https:\/\/i0.wp.com\/www.rollers-coquillages.org\/wp2019\/wp-content\/uploads\/2022\/10\/soussous-popoche.png?zoom=3&amp;resize=150%2C150&amp;ssl=1 450w\" sizes=\"auto, (max-width: 150px) 100vw, 150px\">Pour faire un don en ligne (par carte bancaire ou Paypal), merci de remplir le formulaire ci-dessous.<br>\nPour les dons importants ou autres moyens de paiement, entrez en contact avec nous.<\/p>\n<p><strong>Merci beaucoup de vos contributions<\/strong>, qui nous permettent de maintenir cet \u00e9v\u00e8nement gratuit et ouvert \u00e0 tous !<\/p>\n<p><\/p><div class=\"forminator-ui forminator-custom-form forminator-custom-form-1386 forminator-design--default  forminator_ajax\" data-forminator-render=\"0\" data-form=\"forminator-module-1386\" data-uid=\"69f4d04208f8d\"><br><\/div><form id=\"forminator-module-1386\" class=\"forminator-ui forminator-custom-form forminator-custom-form-1386 forminator-design--default  forminator_ajax\" method=\"post\" data-forminator-render=\"0\" data-form-id=\"1386\" data-color-option=\"default\" data-design=\"default\" data-grid=\"open\" style=\"display: none;\" data-uid=\"69f4d04208f8d\"><div role=\"alert\" aria-live=\"polite\" class=\"forminator-response-message forminator-error\" aria-hidden=\"true\"><\/div><div class=\"forminator-row forminator-hidden\"><div id=\"hidden-10\" class=\"forminator-field-hidden  forminator-col-12 \"><input type=\"hidden\" id=\"hidden-10_69f4d04208f8d\" name=\"hidden-10\" value=\"Ce tag est REQUIS pour d\u00e9clencher le post-traitement des donn\u00e9es apr\u00e8s soumission du formulaire, par l'action hook\u00e9e par le plugin.\"><\/div><\/div><div class=\"forminator-row\"><div id=\"text-5\" class=\"forminator-field-text forminator-col forminator-col-6 \"><div class=\"forminator-field\"><label for=\"forminator-field-text-5_69f4d04208f8d\" id=\"forminator-field-text-5_69f4d04208f8d-label\" class=\"forminator-label\">Pr\u00e9nom <span class=\"forminator-required\">*<\/span><\/label><input type=\"text\" name=\"text-5\" value=\"\" placeholder=\"\" id=\"forminator-field-text-5_69f4d04208f8d\" class=\"forminator-input forminator-name--field\" data-required=\"1\"><\/div><\/div><div id=\"text-6\" class=\"forminator-field-text forminator-col forminator-col-6 \"><div class=\"forminator-field\"><label for=\"forminator-field-text-6_69f4d04208f8d\" id=\"forminator-field-text-6_69f4d04208f8d-label\" class=\"forminator-label\">Nom <span class=\"forminator-required\">*<\/span><\/label><input type=\"text\" name=\"text-6\" value=\"\" placeholder=\"\" id=\"forminator-field-text-6_69f4d04208f8d\" class=\"forminator-input forminator-name--field\" data-required=\"1\"><\/div><\/div><\/div><div class=\"forminator-row\"><div id=\"email-1\" class=\"forminator-field-email forminator-col forminator-col-12 \"><div class=\"forminator-field\"><label for=\"forminator-field-email-1_69f4d04208f8d\" id=\"forminator-field-email-1_69f4d04208f8d-label\" class=\"forminator-label\">Adresse email <span class=\"forminator-required\">*<\/span><\/label><input type=\"email\" name=\"email-1\" value=\"\" placeholder=\"ex: raoul.bulot@rc.org\" id=\"forminator-field-email-1_69f4d04208f8d\" class=\"forminator-input forminator-email--field\" data-required=\"1\" aria-required=\"true\" autocomplete=\"email\"><\/div><\/div><\/div><div class=\"forminator-row\"><div id=\"radio-1\" class=\"forminator-field-radio forminator-col forminator-col-12 \"><div role=\"radiogroup\" class=\"forminator-field\" aria-labelledby=\"forminator-radiogroup-radio-1-69f4d04208f8d-label\" aria-describedby=\"forminator-radiogroup-radio-1-69f4d04208f8d-description\"><span id=\"forminator-radiogroup-radio-1-69f4d04208f8d-label\" class=\"forminator-label\">Demande de re\u00e7u fiscal <span class=\"forminator-required\">*<\/span><\/span><label id=\"forminator-field-radio-1-label-1\" for=\"forminator-field-radio-1-1-69f4d04208f8d\" class=\"forminator-radio\" title=\"Je ne souhaite pas de re\u00e7u fiscal\"><input type=\"radio\" name=\"radio-1\" value=\"non\" id=\"forminator-field-radio-1-1-69f4d04208f8d\" aria-labelledby=\"forminator-field-radio-1-label-1\" data-calculation=\"0\" checked aria-describedby=\"forminator-field-radio-1-69f4d04208f8d-description\"><span class=\"forminator-radio-bullet\" aria-hidden=\"true\"><\/span><span class=\"forminator-radio-label\">Je ne souhaite pas de re\u00e7u fiscal<\/span><\/label><label id=\"forminator-field-radio-1-label-2\" for=\"forminator-field-radio-1-2-69f4d04208f8d\" class=\"forminator-radio\" title=\"Je souhaite un re\u00e7u fiscal\"><input type=\"radio\" name=\"radio-1\" value=\"oui\" id=\"forminator-field-radio-1-2-69f4d04208f8d\" aria-labelledby=\"forminator-field-radio-1-label-2\" data-calculation=\"0\" aria-describedby=\"forminator-field-radio-1-69f4d04208f8d-description\"><span class=\"forminator-radio-bullet\" aria-hidden=\"true\"><\/span><span class=\"forminator-radio-label\">Je souhaite un re\u00e7u fiscal<\/span><\/label><span id=\"forminator-radiogroup-radio-1-69f4d04208f8d-description\" class=\"forminator-description\">L'Association Rollers &amp; Coquillages est reconnue \"d'int\u00e9r\u00eat g\u00e9n\u00e9ral\".  Les dons que vous lui faites ouvrent droit \u00e0 une r\u00e9duction d\u2019imp\u00f4t (66 % du montant du don, dans la limite de 20 % du revenu imposable).<\/span><\/div><\/div><\/div><div class=\"forminator-row\"><div id=\"text-2\" class=\"forminator-field-text forminator-col forminator-col-12 \"><div class=\"forminator-field\"><label for=\"forminator-field-text-2_69f4d04208f8d\" id=\"forminator-field-text-2_69f4d04208f8d-label\" class=\"forminator-label\">Rue <span class=\"forminator-required\">*<\/span><\/label><input type=\"text\" name=\"text-2\" value=\"\" placeholder=\"ex: 37, bd Bourdon\" id=\"forminator-field-text-2_69f4d04208f8d\" class=\"forminator-input forminator-name--field\" data-required=\"1\" maxlength=\"128\"><span id=\"forminator-field-text-2_69f4d04208f8d-description\" class=\"forminator-description\"><span data-limit=\"128\" data-type=\"characters\">0 \/ 128<\/span><\/span><\/div><\/div><\/div><div class=\"forminator-row\"><div id=\"text-3\" class=\"forminator-field-text forminator-col forminator-col-12 \"><div class=\"forminator-field\"><label for=\"forminator-field-text-3_69f4d04208f8d\" id=\"forminator-field-text-3_69f4d04208f8d-label\" class=\"forminator-label\">Compl\u00e9ment d'adresse<\/label><input type=\"text\" name=\"text-3\" value=\"\" placeholder=\"ex: au fond du local\" id=\"forminator-field-text-3_69f4d04208f8d\" class=\"forminator-input forminator-name--field\" data-required=\"\" maxlength=\"128\"><span id=\"forminator-field-text-3_69f4d04208f8d-description\" class=\"forminator-description\"><span data-limit=\"128\" data-type=\"characters\">0 \/ 128<\/span><\/span><\/div><\/div><\/div><div class=\"forminator-row\"><div id=\"number-1\" class=\"forminator-field-number forminator-col forminator-col-4 \"><div class=\"forminator-field\"><label for=\"forminator-field-number-1_69f4d04208f8d\" id=\"forminator-field-number-1_69f4d04208f8d-label\" class=\"forminator-label\">Code postal <span class=\"forminator-required\">*<\/span><\/label><input name=\"number-1\" value=\"\" placeholder=\"ex: 75014\" id=\"forminator-field-number-1_69f4d04208f8d\" class=\"forminator-input forminator-number--field\" inputmode=\"decimal\" data-required=\"1\" data-decimals=\"0\" aria-required=\"true\" data-inputmask=\"'groupSeparator': '', 'radixPoint': '', 'digits': '0'\" type=\"number\" step=\"any\" min=\"1000\" max=\"99999\"><\/div><\/div><div id=\"text-4\" class=\"forminator-field-text forminator-col forminator-col-4 \"><div class=\"forminator-field\"><label for=\"forminator-field-text-4_69f4d04208f8d\" id=\"forminator-field-text-4_69f4d04208f8d-label\" class=\"forminator-label\">Ville <span class=\"forminator-required\">*<\/span><\/label><input type=\"text\" name=\"text-4\" value=\"\" placeholder=\"ex: Paris\" id=\"forminator-field-text-4_69f4d04208f8d\" class=\"forminator-input forminator-name--field\" data-required=\"1\" maxlength=\"64\"><span id=\"forminator-field-text-4_69f4d04208f8d-description\" class=\"forminator-description\"><span data-limit=\"64\" data-type=\"characters\">0 \/ 64<\/span><\/span><\/div><\/div><div id=\"text-9\" class=\"forminator-field-text forminator-col forminator-col-4 \"><div class=\"forminator-field\"><label for=\"forminator-field-text-9_69f4d04208f8d\" id=\"forminator-field-text-9_69f4d04208f8d-label\" class=\"forminator-label\">Pays <span class=\"forminator-required\">*<\/span><\/label><input type=\"text\" name=\"text-9\" value=\"France\" placeholder=\"ex: France\" id=\"forminator-field-text-9_69f4d04208f8d\" class=\"forminator-input forminator-name--field\" data-required=\"1\" maxlength=\"64\"><span id=\"forminator-field-text-9_69f4d04208f8d-description\" class=\"forminator-description\"><span data-limit=\"64\" data-type=\"characters\">0 \/ 64<\/span><\/span><\/div><\/div><\/div><div class=\"forminator-row\"><div id=\"currency-2\" class=\"forminator-field-currency forminator-col forminator-col-6 \"><div class=\"forminator-field\"><label for=\"forminator-field-currency-2_69f4d04208f8d\" id=\"forminator-field-currency-2_69f4d04208f8d-label\" class=\"forminator-label\">Montant du don <span class=\"forminator-required\">*<\/span><\/label><div class=\"forminator-input-with-suffix\"><input name=\"currency-2\" value=\"\" placeholder=\"\" id=\"forminator-field-currency-2_69f4d04208f8d\" class=\"forminator-input forminator-currency\" data-required=\"1\" aria-required=\"1\" data-decimals=\"2\" data-inputmask=\"'groupSeparator': '', 'radixPoint': '.', 'digits': '2'\" type=\"number\" step=\"any\"><span class=\"forminator-suffix\">EUR<\/span><\/div><\/div><\/div><div id=\"radio-2\" class=\"forminator-field-radio forminator-col forminator-col-6 \"><div role=\"radiogroup\" class=\"forminator-field\" aria-labelledby=\"forminator-radiogroup-radio-2-69f4d04208f8d-label\"><span id=\"forminator-radiogroup-radio-2-69f4d04208f8d-label\" class=\"forminator-label\">Paiement par<\/span><label id=\"forminator-field-radio-2-label-1\" for=\"forminator-field-radio-2-1-69f4d04208f8d\" class=\"forminator-radio\" title=\"Carte bancaire\"><input type=\"radio\" name=\"radio-2\" value=\"one\" id=\"forminator-field-radio-2-1-69f4d04208f8d\" aria-labelledby=\"forminator-field-radio-2-label-1\" data-calculation=\"0\" checked><span class=\"forminator-radio-bullet\" aria-hidden=\"true\"><\/span><span class=\"forminator-radio-label\">Carte bancaire<\/span><\/label><label id=\"forminator-field-radio-2-label-2\" for=\"forminator-field-radio-2-2-69f4d04208f8d\" class=\"forminator-radio\" title=\"Paypal\"><input type=\"radio\" name=\"radio-2\" value=\"two\" id=\"forminator-field-radio-2-2-69f4d04208f8d\" aria-labelledby=\"forminator-field-radio-2-label-2\" data-calculation=\"0\"><span class=\"forminator-radio-bullet\" aria-hidden=\"true\"><\/span><span class=\"forminator-radio-label\">Paypal<\/span><\/label><\/div><\/div><\/div><div class=\"forminator-row\"><div id=\"stripe-1\" class=\"forminator-field-stripe forminator-col forminator-col-12 \"><div class=\"forminator-field\"><label for=\"stripe-1-field\" id=\"stripe-1-field-label\" class=\"forminator-label\">Carte de cr\u00e9dit\/d\u00e9bit <span class=\"forminator-required\">*<\/span><\/label><div id=\"card-element-69f4d04208f8d\" data-field-id=\"69f4d04208f8d\" data-is-payment=\"true\" data-payment-type=\"stripe\" data-is-ocs=\"\" data-secret=\"\" data-paymentid=\"\" data-currency=\"eur\" data-key=\"pk_live_51ICIjyHManf92kH3p1bO0dv30KZRESalwWFXOcvEQis5i5sNZHa2JcrCblyBtXl8u0l7hzZURr0t6ApPuNTHNRfK00hNuXuFGW\" data-card-icon=\"1\" data-veify-zip=\"\" data-zip-field=\"\" data-language=\"auto\" data-base-class=\"StripeElement\" data-complete-class=\"StripeElement--complete\" data-empty-class=\"StripeElement--empty\" data-focused-class=\"StripeElement--focus\" data-invalid-class=\"StripeElement--invalid\" data-autofilled-class=\"StripeElement--webkit-autofill\" data-billing=\"\" data-billing-name=\"\" data-billing-email=\"\" data-billing-address=\"\" data-receipt=\"\" data-receipt-email=\"\" data-custom-fonts=\"\" data-placeholder=\"#888888\" data-font-color=\"#000000\" data-font-color-focus=\"#000000\" data-font-color-error=\"#000000\" data-font-size=\"16px\" data-font-family=\"inherit\" data-font-weight=\"400\" data-icon-color=\"#777771\" data-icon-color-hover=\"#097BAA\" data-icon-color-focus=\"#097BAA\" data-icon-color-error=\"#E51919\" class=\"forminator-stripe-element\"><\/div><input type=\"hidden\" name=\"paymentid\" value=\"\" id=\"forminator-stripe-paymentid\"><input type=\"hidden\" name=\"paymentmethod\" value=\"\" id=\"forminator-stripe-paymentmethod\"><input type=\"hidden\" name=\"subscriptionid\" value=\"\" id=\"forminator-stripe-subscriptionid\"><span class=\"forminator-card-message\"><span class=\"forminator-error-message\" aria-hidden=\"true\"><\/span><\/span><\/div><\/div><\/div><div class=\"forminator-row forminator-hidden\"><div id=\"paypal-1\" class=\"forminator-field-paypal  forminator-col-12 \"><input type=\"hidden\" name=\"paypal-1\" id=\"forminator-paypal-1-field_69f4d04208f8d\" class=\"forminator-paypal-input\" data-is-payment=\"true\" data-payment-type=\"paypal\" data-currency=\"eur\" data-amount-type=\"variable\" data-amount=\"currency-2\" data-label=\"\" data-locale=\"en\" value=\"\"><\/div><\/div><input type=\"hidden\" name=\"referer_url\" value=\"\"><input type=\"hidden\" name=\"payment_gateway_total\" value=\"\"><div class=\"forminator-row forminator-paypal-row\"><div class=\"forminator-col forminator-col-12\"><div class=\"forminator-field\"><div id=\"paypal-button-container-1386_69f4d04208f8d\" class=\"paypal-1-payment forminator-button-paypal\"><\/div><\/div><\/div><\/div><div class=\"forminator-row forminator-row-last\"><div class=\"forminator-col\"><div class=\"forminator-field\"><button class=\"forminator-button forminator-button-submit\">Proc\u00e9der au paiement<\/button><\/div><\/div><\/div><input type=\"hidden\" id=\"forminator_nonce\" name=\"forminator_nonce\" value=\"2de702b5a6\"><input type=\"hidden\" name=\"_wp_http_referer\" value=\"\/fr\/wp-json\/wp\/v2\/pages\/1387\"><input type=\"hidden\" name=\"form_id\" value=\"1386\"><input type=\"hidden\" name=\"page_id\" value=\"1387\"><input type=\"hidden\" name=\"form_type\" value=\"default\"><input type=\"hidden\" name=\"current_url\" value=\"https:\/\/www.rollers-coquillages.org\/fr\/faire-un-don\/\"><input type=\"hidden\" name=\"render_id\" value=\"0\"><input type=\"hidden\" name=\"action\" value=\"forminator_submit_form_custom-forms\"><\/form><\/body>","protected":false},"excerpt":{"rendered":"<p>Pour faire un don en ligne (par carte bancaire ou Paypal), merci de remplir le formulaire ci-dessous. Pour les dons &hellip; <a href=\"https:\/\/www.rollers-coquillages.org\/fr\/faire-un-don\/\" class=\"more-link\">Continue reading <span class=\"screen-reader-text\">Faire un don<\/span><\/a><\/p>\n","protected":false},"author":1,"featured_media":0,"parent":0,"menu_order":0,"comment_status":"closed","ping_status":"closed","template":"page-templates\/sidebar-left.php","meta":{"footnotes":""},"class_list":["post-1387","page","type-page","status-publish","hentry"],"jetpack_sharing_enabled":true,"_links":{"self":[{"href":"https:\/\/www.rollers-coquillages.org\/fr\/wp-json\/wp\/v2\/pages\/1387","targetHints":{"allow":["GET"]}}],"collection":[{"href":"https:\/\/www.rollers-coquillages.org\/fr\/wp-json\/wp\/v2\/pages"}],"about":[{"href":"https:\/\/www.rollers-coquillages.org\/fr\/wp-json\/wp\/v2\/types\/page"}],"author":[{"embeddable":true,"href":"https:\/\/www.rollers-coquillages.org\/fr\/wp-json\/wp\/v2\/users\/1"}],"replies":[{"embeddable":true,"href":"https:\/\/www.rollers-coquillages.org\/fr\/wp-json\/wp\/v2\/comments?post=1387"}],"version-history":[{"count":7,"href":"https:\/\/www.rollers-coquillages.org\/fr\/wp-json\/wp\/v2\/pages\/1387\/revisions"}],"predecessor-version":[{"id":1403,"href":"https:\/\/www.rollers-coquillages.org\/fr\/wp-json\/wp\/v2\/pages\/1387\/revisions\/1403"}],"wp:attachment":[{"href":"https:\/\/www.rollers-coquillages.org\/fr\/wp-json\/wp\/v2\/media?parent=1387"}],"curies":[{"name":"wp","href":"https:\/\/api.w.org\/{rel}","templated":true}]}}