{"id":122,"date":"2019-10-20T15:37:41","date_gmt":"2019-10-20T13:37:41","guid":{"rendered":"https:\/\/www.rollers-coquillages.org\/wp2019\/?page_id=122"},"modified":"2019-10-20T21:00:22","modified_gmt":"2019-10-20T19:00:22","slug":"mentions-legales","status":"publish","type":"page","link":"https:\/\/www.rollers-coquillages.org\/fr\/mentions-legales\/","title":{"rendered":"Mentions L\u00e9gales"},"content":{"rendered":"<body><p><\/p>\n<h2 id=\"qui-sommes-nous\">Qui sommes-nous ?<\/h2>\n<p>L\u2019adresse de ce site Web est : https:\/\/www.rollers-coquillages.org.<\/p>\n<p>L\u2019utilisation de ce site exprime votre consentement sur les conditions d\u2019utilisation. Si vous n\u2019acceptez pas ces conditions, veuillez vous abstenir d\u2019utiliser ce site.<\/p>\n<h3 id=\"proprietaire-du-site\">Propri\u00e9taire du site<\/h3>\n<p>Rollers &amp; Coquillages \u2013 Association loi 1901<\/p>\n<p><strong>Adresse Postale\u00a0:<\/strong><br>\n37 boulevard Bourdon<br>\n75004 Paris<br>\n(Permanence le dimanche de 13H \u00e0 14H30 et de 17H30 \u00e0 18H)<\/p>\n<p>D\u00e9claration \u00e0 la Pr\u00e9fecture de Police de Paris N\u00b0\u00a000133191<br>\nAgr\u00e9ment Sport N\u00b0\u00a075.SVF.09.05 (Minist\u00e8re de la Sant\u00e9 de la Jeunesse et des Sports)<br>\nAssociation affilli\u00e9e \u00e0 la F\u00e9d\u00e9ration Fran\u00e7aise de Roller et Skateboard (FFRS)<br>\nSIRET 450 180 724 00020 \u2013 APE 926 C\u00a0 \u2013 Capital social\u00a0: nul \u2013 association \u00e0 but non lucratif<br>\nFichiers des adh\u00e9rents d\u00e9clar\u00e9 \u00e0 la CNIL sous le num\u00e9ro\u00a0: 1407038<\/p>\n<h3 id=\"direction-de-la-publication\">Direction de la publication<\/h3>\n<p>Stanislas de Germay, Pr\u00e9sident<\/p>\n<h3 id=\"hebergeur\">H\u00e9bergeur<\/h3>\n<p>ALWAYSDATA<br>\nRCS Paris\u00a0 492 893 490<br>\nSi\u00e8ge social : 91 rue du Faubourg Saint Honor\u00e9 \u2013 75008 Paris.<br>\n<a class=\"spip_url spip_out\" href=\"http:\/\/www.alwaysdata.com\" rel=\"nofollow external\">www.alwaysdata.com<\/a><\/p>\n<h2 id=\"copyright\">Copyright<\/h2>\n<p>Le contenu de ce site (notamment donn\u00e9es, informations, illustrations, etc. \u2026) est prot\u00e9g\u00e9 par droit d\u2019auteur et autres droits de propri\u00e9t\u00e9 intellectuelle.<\/p>\n<p>Toute reproduction ou repr\u00e9sentation totale ou partielle de ce site par quelque proc\u00e9d\u00e9 que ce soit, sans autorisation expresse, est interdite et constituerait une contrefa\u00e7on sanctionn\u00e9e par les articles L.335-2 et suivants du Code de la propri\u00e9t\u00e9 intellectuelle. Toute reproduction totale ou partielle des logos, images, scripts, code HTML, balises meta effectu\u00e9e \u00e0 partir des \u00e9l\u00e9ments du site sans notre autorisation expresse est prohib\u00e9e au sens de l\u2019article L.713-2 du Code de la propri\u00e9t\u00e9 intellectuelle.<\/p>\n<p>Toute copie, reproduction, diffusion, int\u00e9grale ou partielle, du contenu du site par quelque proc\u00e9d\u00e9 que ce soit est illicite \u00e0 l\u2019exception d\u2019une unique copie sur un seul ordinateur et r\u00e9serv\u00e9e \u00e0 l\u2019usage exclusivement priv\u00e9 du copiste.<\/p>\n<p>Les \u00e9l\u00e9ments pr\u00e9sent\u00e9s dans ce site sont susceptibles de modification sans pr\u00e9avis et sont mis \u00e0 disposition sans aucune garantie, expresse ou implicite, d\u2019aucune sorte et ne peuvent donner lieu \u00e0 un quelconque droit \u00e0 d\u00e9dommagement.<\/p>\n<h2 id=\"donnees-personnelles-et-cookies\">Donn\u00e9es personnelles et cookies<\/h2>\n<h3 id=\"adhesions\">Adh\u00e9sions<\/h3>\n<p>Quand vous adh\u00e9rez \u00e0 l\u2019Association, vous fournissez volontairement un certain nombre d\u2019informations personnelles et de contact n\u00e9cessaires \u00e0 la gestion de votre adh\u00e9sion.\u00a0\u00a0 Ces donn\u00e9es sont \u00e0 l\u2019usage exclusif de l\u2019Association et de la f\u00e9d\u00e9ration dont elle d\u00e9pend.\u00a0 Elle ne seront communiqu\u00e9es par nous \u00e0 aucun tiers.<\/p>\n<h3 id=\"commentaires\">Commentaires<\/h3>\n<p>Quand vous laissez un commentaire sur notre site web, les donn\u00e9es inscrites dans le formulaire de commentaire, mais aussi votre adresse IP et l\u2019agent utilisateur de votre navigateur sont collect\u00e9s pour nous aider \u00e0 la d\u00e9tection des commentaires ind\u00e9sirables.<\/p>\n<p>Une cha\u00eene anonymis\u00e9e cr\u00e9\u00e9e \u00e0 partir de votre adresse de messagerie (\u00e9galement appel\u00e9e hash) peut \u00eatre envoy\u00e9e au service Gravatar pour v\u00e9rifier si vous utilisez ce dernier. Les clauses de confidentialit\u00e9 du service Gravatar sont disponibles ici : https:\/\/automattic.com\/privacy\/. Apr\u00e8s validation de votre commentaire, votre photo de profil sera visible publiquement \u00e0 cot\u00e9 de votre commentaire.<\/p>\n<h3 id=\"medias\">M\u00e9dias<\/h3>\n<p>Si vous \u00eates un utilisateur ou une utilisatrice enregistr\u00e9\u00b7e et que vous t\u00e9l\u00e9versez des images sur le site web, nous vous conseillons d\u2019\u00e9viter de t\u00e9l\u00e9verser des images contenant des donn\u00e9es EXIF de coordonn\u00e9es GPS. Les visiteurs de votre site web peuvent t\u00e9l\u00e9charger et extraire des donn\u00e9es de localisation depuis ces images.<\/p>\n<h3 id=\"cookies\">Cookies<\/h3>\n<p>Si vous d\u00e9posez un commentaire sur notre site, il vous sera propos\u00e9 d\u2019enregistrer votre nom, adresse de messagerie et site web dans des cookies. C\u2019est uniquement pour votre confort afin de ne pas avoir \u00e0 saisir ces informations si vous d\u00e9posez un autre commentaire plus tard. Ces cookies expirent au bout d\u2019un an. Les commentaires des visiteurs peuvent \u00eatre v\u00e9rifi\u00e9s \u00e0 l\u2019aide d\u2019un service automatis\u00e9 de d\u00e9tection des commentaires ind\u00e9sirables.<\/p>\n<p>Si vous vous rendez sur la page de connexion, un cookie temporaire sera cr\u00e9\u00e9 afin de d\u00e9terminer si votre navigateur accepte les cookies. Il ne contient pas de donn\u00e9es personnelles et sera supprim\u00e9 automatiquement \u00e0 la fermeture de votre navigateur.<\/p>\n<p>Lorsque vous vous connecterez, nous mettrons en place un certain nombre de cookies pour enregistrer vos informations de connexion et vos pr\u00e9f\u00e9rences d\u2019\u00e9cran. La dur\u00e9e de vie d\u2019un cookie de connexion est de deux jours, celle d\u2019un cookie d\u2019option d\u2019\u00e9cran est d\u2019un an. Si vous cochez \u00ab Se souvenir de moi \u00bb, votre cookie de connexion sera conserv\u00e9 pendant deux semaines. Si vous vous d\u00e9connectez de votre compte, le cookie de connexion sera effac\u00e9.<\/p>\n<p>En modifiant ou en publiant une publication, un cookie suppl\u00e9mentaire sera enregistr\u00e9 dans votre navigateur. Ce cookie ne comprend aucune donn\u00e9e personnelle. Il indique simplement l\u2019ID de la publication que vous venez de modifier. Il expire au bout d\u2019un jour.<\/p>\n<h3 id=\"contenu-embarque-depuis-d%e2%80%99autres-sites\">Contenu embarqu\u00e9 depuis d\u2019autres sites<\/h3>\n<p>Les articles de ce site peuvent inclure des contenus int\u00e9gr\u00e9s (par exemple des vid\u00e9os, images, articles\u2026). Le contenu int\u00e9gr\u00e9 depuis d\u2019autres sites se comporte de la m\u00eame mani\u00e8re que si le visiteur se rendait sur cet autre site. Ces sites web pourraient collecter des donn\u00e9es sur vous, utiliser des cookies, embarquer des outils de suivis tiers, suivre vos interactions avec ces contenus embarqu\u00e9s si vous disposez d\u2019un compte connect\u00e9 sur leur site web.<\/p>\n<h3 id=\"durees-de-stockage-de-vos-donnees\">Dur\u00e9es de stockage de vos donn\u00e9es<\/h3>\n<p>Les donn\u00e9es personnelles li\u00e9es \u00e0 votre adh\u00e9sion \u00e0 l\u2019Association seront conserv\u00e9es confidentiellement ind\u00e9finiment pour maintenir la coh\u00e9rence de la gestion des adh\u00e9rents.\u00a0 Apr\u00e8s l\u2019expiration de votre adh\u00e9sion, sur demande explicite de votre part, votre fiche peut \u00eatre anonymis\u00e9e de fa\u00e7on \u00e0 en retirer toute donn\u00e9e personnelle.<\/p>\n<p>Si vous laissez un commentaire, le commentaire et ses m\u00e9tadonn\u00e9es sont conserv\u00e9s ind\u00e9finiment. Cela permet de reconna\u00eetre et approuver automatiquement les commentaires suivants au lieu de les laisser dans la file de mod\u00e9ration.<\/p>\n<p>Pour les utilisateurs et utilisatrices qui s\u2019enregistrent sur notre site (si cela est possible), nous stockons \u00e9galement les donn\u00e9es personnelles indiqu\u00e9es dans leur profil.<\/p>\n<p>Tous les utilisateurs et utilisatrices peuvent voir, modifier ou supprimer leurs informations personnelles \u00e0 tout moment (\u00e0 l\u2019exception de leur nom d\u2019utilisateur\u00b7ice). Les gestionnaires du site peuvent aussi voir et modifier ces informations.<\/p>\n<h3 id=\"les-droits-que-vous-avez-sur-vos-donnees\">Les droits que vous avez sur vos donn\u00e9es<\/h3>\n<p>Si vous avez un compte ou si vous avez laiss\u00e9 des commentaires sur le site, vous pouvez demander \u00e0 recevoir un fichier contenant toutes les donn\u00e9es personnelles que nous poss\u00e9dons \u00e0 votre sujet, incluant celles que vous nous avez fournies. Vous pouvez \u00e9galement demander la suppression des donn\u00e9es personnelles vous concernant. Cela ne prend pas en compte les donn\u00e9es stock\u00e9es \u00e0 des fins administratives, l\u00e9gales ou pour des raisons de s\u00e9curit\u00e9.<\/p><\/body>","protected":false},"excerpt":{"rendered":"<p>Qui sommes-nous ? L\u2019adresse de ce site Web est : https:\/\/www.rollers-coquillages.org. L\u2019utilisation de ce site exprime votre consentement sur les &hellip; <a href=\"https:\/\/www.rollers-coquillages.org\/fr\/mentions-legales\/\" class=\"more-link\">Continue reading <span class=\"screen-reader-text\">Mentions L\u00e9gales<\/span><\/a><\/p>\n","protected":false},"author":1,"featured_media":0,"parent":0,"menu_order":0,"comment_status":"closed","ping_status":"closed","template":"page-templates\/sidebar-left.php","meta":{"footnotes":""},"class_list":["post-122","page","type-page","status-publish","hentry"],"jetpack_sharing_enabled":true,"_links":{"self":[{"href":"https:\/\/www.rollers-coquillages.org\/fr\/wp-json\/wp\/v2\/pages\/122","targetHints":{"allow":["GET"]}}],"collection":[{"href":"https:\/\/www.rollers-coquillages.org\/fr\/wp-json\/wp\/v2\/pages"}],"about":[{"href":"https:\/\/www.rollers-coquillages.org\/fr\/wp-json\/wp\/v2\/types\/page"}],"author":[{"embeddable":true,"href":"https:\/\/www.rollers-coquillages.org\/fr\/wp-json\/wp\/v2\/users\/1"}],"replies":[{"embeddable":true,"href":"https:\/\/www.rollers-coquillages.org\/fr\/wp-json\/wp\/v2\/comments?post=122"}],"version-history":[{"count":1,"href":"https:\/\/www.rollers-coquillages.org\/fr\/wp-json\/wp\/v2\/pages\/122\/revisions"}],"predecessor-version":[{"id":123,"href":"https:\/\/www.rollers-coquillages.org\/fr\/wp-json\/wp\/v2\/pages\/122\/revisions\/123"}],"wp:attachment":[{"href":"https:\/\/www.rollers-coquillages.org\/fr\/wp-json\/wp\/v2\/media?parent=122"}],"curies":[{"name":"wp","href":"https:\/\/api.w.org\/{rel}","templated":true}]}}