{"id":12,"date":"2019-10-19T22:28:44","date_gmt":"2019-10-19T20:28:44","guid":{"rendered":"https:\/\/www.rollers-coquillages.org\/wp2019\/?page_id=12"},"modified":"2024-02-18T16:43:44","modified_gmt":"2024-02-18T15:43:44","slug":"randonnee","status":"publish","type":"page","link":"https:\/\/www.rollers-coquillages.org\/fr\/randonnee\/","title":{"rendered":"La randonn\u00e9e du dimanche"},"content":{"rendered":"<body><p><\/p>\n<p style=\"text-align: center;\"><\/p><div class=\"jetpack-video-wrapper\"><div class=\"embed-vimeo\" style=\"text-align: center;\"><iframe loading=\"lazy\" src=\"https:\/\/player.vimeo.com\/video\/36691193\" width=\"1140\" height=\"641\" frameborder=\"0\" webkitallowfullscreen mozallowfullscreen allowfullscreen><\/iframe><\/div><\/div>\n<h2 id=\"desc\">Description<\/h2>\n<p><img data-recalc-dims=\"1\" loading=\"lazy\" decoding=\"async\" class=\"size-medium wp-image-88 alignright\" src=\"https:\/\/i0.wp.com\/www.rollers-coquillages.org\/wp2019\/wp-content\/uploads\/2019\/10\/Tour-Eiffel-300x225.jpg?resize=300%2C225&#038;ssl=1\" alt=\"\" width=\"300\" height=\"225\" srcset=\"https:\/\/i0.wp.com\/www.rollers-coquillages.org\/wp2019\/wp-content\/uploads\/2019\/10\/Tour-Eiffel.jpg?resize=300%2C225&amp;ssl=1 300w, https:\/\/i0.wp.com\/www.rollers-coquillages.org\/wp2019\/wp-content\/uploads\/2019\/10\/Tour-Eiffel.jpg?resize=768%2C576&amp;ssl=1 768w, https:\/\/i0.wp.com\/www.rollers-coquillages.org\/wp2019\/wp-content\/uploads\/2019\/10\/Tour-Eiffel.jpg?resize=1024%2C768&amp;ssl=1 1024w, https:\/\/i0.wp.com\/www.rollers-coquillages.org\/wp2019\/wp-content\/uploads\/2019\/10\/Tour-Eiffel.jpg?w=2048&amp;ssl=1 2048w\" sizes=\"auto, (max-width: 300px) 100vw, 300px\">Depuis 1997, tous les dimanches apr\u00e8s-midi, une randonn\u00e9e roller de masse, <strong>s\u00e9curis\u00e9e, ouverte \u00e0 tous, sans inscription ni paiement<\/strong> !<\/p>\n<p>Des milliers de patineurs se retrouvent pour une vingtaine de kilom\u00e8tres de bonheur \u00e0 travers Paris : <strong>rendez-vous 14h \u00e0 Bastille, d\u00e9part 14h30, retour vers 17h30<\/strong> au m\u00eame endroit.<strong><br>\n<\/strong><\/p>\n<p>Depuis f\u00e9vrier 2020, la randonn\u00e9e est ouverte aux <strong>longboards, skateboards et trottinettes non-motoris\u00e9es<\/strong>.<\/p>\n<p>La sortie est pr\u00e9vue tous les dimanches, toutes saisons, sauf cas particuliers.\u00a0 En cas de m\u00e9t\u00e9o d\u00e9favorable, nous pouvons \u00eatre amen\u00e9s \u00e0 annuler ou \u00e9courter la randonn\u00e9e.\u00a0 Une premi\u00e8re d\u00e9cision peut \u00eatre prise le dimanche matin avant midi, si la m\u00e9t\u00e9o est clairement contraire.\u00a0 Dans tous les cas, l\u2019annulation est communiqu\u00e9e aussi vite que possible (site internet, r\u00e9seaux sociaux).<\/p>\n<p>Le rythme est raisonnable, cet \u00e9v\u00e9nement se veut accessible \u00e0 presque tous, patineurs relativement d\u00e9brouill\u00e9s, semi-d\u00e9butants souhaitant progresser en s\u00e9curit\u00e9, familles\u2026\u00a0 Cela n\u2019en reste pas moins une sortie de 3h environ, qui n\u00e9cessite une petite endurance.\u00a0 Mais il est toujours possible de s\u2019arr\u00eater en cours de route (\u00e0 Paris on n\u2019est jamais loin d\u2019une station de m\u00e9tro pour rentrer) et de revenir la semaine suivante pour tenter d\u2019en faire un peu plus.<\/p>\n<h2 id=\"parcours\">Parcours<\/h2>\n<p><img data-recalc-dims=\"1\" loading=\"lazy\" decoding=\"async\" class=\"size-medium wp-image-171 alignright\" src=\"https:\/\/i0.wp.com\/www.rollers-coquillages.org\/wp2019\/wp-content\/uploads\/2019\/10\/16-76465.png?resize=219%2C300&#038;ssl=1\" alt=\"\" width=\"219\" height=\"300\" srcset=\"https:\/\/i0.wp.com\/www.rollers-coquillages.org\/wp2019\/wp-content\/uploads\/2019\/10\/16-76465.png?resize=219%2C300&amp;ssl=1 219w, https:\/\/i0.wp.com\/www.rollers-coquillages.org\/wp2019\/wp-content\/uploads\/2019\/10\/16-76465.png?w=360&amp;ssl=1 360w\" sizes=\"auto, (max-width: 219px) 100vw, 219px\">Chaque semaine, un parcours diff\u00e9rent est propos\u00e9 \u00e0 la Pr\u00e9fecture de Police de Paris.\u00a0 En fonction des diff\u00e9rents autres \u00e9v\u00e9nements dans la capitale, le parcours est valid\u00e9 (en g\u00e9n\u00e9ral le jeudi ou le vendredi). Il est alors publi\u00e9 sur ce site, envoy\u00e9 par mail aux abonn\u00e9s et annonc\u00e9 sur les r\u00e9seaux sociaux (Facebook).<\/p>\n<h3 id=\"carte-et-suivi-en-temps-reel\">Carte et suivi en temps r\u00e9el<\/h3>\n<p>Vous pouvez voir la carte interactive du parcours ici : <a href=\"https:\/\/www.rollers-coquillages.org\/carte\" target=\"_blank\" rel=\"noopener noreferrer\">https:\/\/www.rollers-coquillages.org\/carte<\/a> (nouvel onglet).<\/p>\n<p>Une fois la randonn\u00e9e en route, un syst\u00e8me de suivi en temps r\u00e9el (\u00ab\u00a0tracking\u00a0\u00bb) affiche la position du cort\u00e8ge sur la carte, ce qui permet par exemple de nous rejoindre en route.<\/p>\n<h3 id=\"feuille-de-route\">Feuille de route<\/h3>\n<p>Sur la m\u00eame page <a href=\"https:\/\/www.rollers-coquillages.org\/carte\" target=\"_blank\" rel=\"noopener noreferrer\">https:\/\/www.rollers-coquillages.org\/carte<\/a> (nouvel onglet), l\u2019ic\u00f4ne \u00ab\u00a0PDF\u00a0\u00bb en haut \u00e0 gauche vous permet d\u2019imprimer une feuille de route, que vous pouvez par exemple glisser dans votre poche\u2026<\/p>\n<h3 id=\"newsletter-hebdomadaire\">Newsletter hebdomadaire<\/h3>\n<p>Pour \u00eatre tenu au courant facilement des publications de parcours et des derni\u00e8res petites nouvelles et annonces de l\u2019Association, inscrivez-vous \u00e0 la Newsletter hebdomadaire.<\/p>\n<p style=\"text-align: center;\"><a class=\"maxbutton-1 maxbutton maxbutton-adherer\" href=\"https:\/\/www.rollers-coquillages.org\/fr\/newsletter\/\"><span class=\"mb-text\">S'abonner<\/span><\/a><\/p>\n<p>\u00a0<\/p>\n<h2 id=\"encadrement\">Encadrement<\/h2>\n<h3 id=\"staff\">Staff<\/h3>\n<p><img data-recalc-dims=\"1\" loading=\"lazy\" decoding=\"async\" class=\"size-medium wp-image-172 alignright\" src=\"https:\/\/i0.wp.com\/www.rollers-coquillages.org\/wp2019\/wp-content\/uploads\/2019\/10\/staff.jpg?resize=300%2C188&#038;ssl=1\" alt=\"\" width=\"300\" height=\"188\" srcset=\"https:\/\/i0.wp.com\/www.rollers-coquillages.org\/wp2019\/wp-content\/uploads\/2019\/10\/staff.jpg?resize=300%2C188&amp;ssl=1 300w, https:\/\/i0.wp.com\/www.rollers-coquillages.org\/wp2019\/wp-content\/uploads\/2019\/10\/staff.jpg?resize=768%2C480&amp;ssl=1 768w, https:\/\/i0.wp.com\/www.rollers-coquillages.org\/wp2019\/wp-content\/uploads\/2019\/10\/staff.jpg?resize=1024%2C641&amp;ssl=1 1024w, https:\/\/i0.wp.com\/www.rollers-coquillages.org\/wp2019\/wp-content\/uploads\/2019\/10\/staff.jpg?w=1154&amp;ssl=1 1154w\" sizes=\"auto, (max-width: 300px) 100vw, 300px\">La randonn\u00e9e est s\u00e9curis\u00e9e par une \u00e9quipe de b\u00e9n\u00e9voles (que vous reconna\u00eetrez \u00e0 leur tee-shirt jaune), le \u00ab\u00a0Staff\u00a0\u00bb. Patineurs aguerris, form\u00e9s \u00e0 la gestion du trafic, ils sont \u00e0 votre service pour que tout se d\u00e9roule au mieux. Merci de les respecter et d\u2019\u00e9couter les directives qu\u2019ils peuvent \u00eatre amen\u00e9s \u00e0 vous donner.<\/p>\n<p>Si vous souhaitez rejoindre le Staff pour y contribuer, soyez bienvenus ! Il n\u2019est pas n\u00e9cessaire d\u2019\u00eatre un patineur \u00e9m\u00e9rite, juste de patiner avec aisance pour pouvoir se concentrer sur l\u2019environnement et la mission de s\u00e9curisation. Et bien s\u00fbr, d\u2019avoir un peu d\u2019endurance pour tenir le coup. Le plus important : la concentration, l\u2019attitude positive et bienveillante, et la r\u00e9sistance \u00e0 la pression (il y a parfois des situations conflictuelles avec d\u2019autres usagers de la voie publique, o\u00f9 il faut pouvoir garder \u00e0 la fois son calme et sa fermet\u00e9).<\/p>\n<p><strong>Retrouvez des interviews du Staff dans la rubrique <a href=\"https:\/\/www.rollers-coquillages.org\/wp2019\/blog\/\">\u00ab\u00a0Actualit\u00e9s\u00a0\u00bb<\/a> :\u00a0 ils et elles vous d\u00e9crivent leur passion pour le Staff !<\/strong><\/p>\n<h3 id=\"escorte-policiere\">Escorte polici\u00e8re<\/h3>\n<p><img data-recalc-dims=\"1\" loading=\"lazy\" decoding=\"async\" class=\"alignright wp-image-564\" src=\"https:\/\/i0.wp.com\/www.rollers-coquillages.org\/wp2019\/wp-content\/uploads\/2020\/01\/Logo_PP.png?resize=110%2C94&#038;ssl=1\" alt=\"\" width=\"110\" height=\"94\" srcset=\"https:\/\/i0.wp.com\/www.rollers-coquillages.org\/wp2019\/wp-content\/uploads\/2020\/01\/Logo_PP.png?resize=300%2C257&amp;ssl=1 300w, https:\/\/i0.wp.com\/www.rollers-coquillages.org\/wp2019\/wp-content\/uploads\/2020\/01\/Logo_PP.png?resize=1024%2C877&amp;ssl=1 1024w, https:\/\/i0.wp.com\/www.rollers-coquillages.org\/wp2019\/wp-content\/uploads\/2020\/01\/Logo_PP.png?resize=768%2C658&amp;ssl=1 768w, https:\/\/i0.wp.com\/www.rollers-coquillages.org\/wp2019\/wp-content\/uploads\/2020\/01\/Logo_PP.png?resize=350%2C300&amp;ssl=1 350w, https:\/\/i0.wp.com\/www.rollers-coquillages.org\/wp2019\/wp-content\/uploads\/2020\/01\/Logo_PP.png?w=1195&amp;ssl=1 1195w\" sizes=\"auto, (max-width: 110px) 100vw, 110px\">Suivant ses disponibilit\u00e9s, la Pr\u00e9fecture de Police missionne une escorte pour s\u00e9curiser la manifestation du point de vue de l\u2019Ordre Public et de la Circulation (par exemple quelques policiers en cyclomoteurs pour ouvrir la route et une voiture derri\u00e8re pour fermer le cort\u00e8ge).<\/p>\n<h3 id=\"premiers-secours\">Premiers Secours<\/h3>\n<p>Des staffeurs sp\u00e9cialis\u00e9s, d\u00fbment brevet\u00e9s en premiers secours, patinent au coeur de la randonn\u00e9e pour \u00eatre pr\u00eats \u00e0 intervenir imm\u00e9diatement sur une chute.<\/p>\n<p><img data-recalc-dims=\"1\" loading=\"lazy\" decoding=\"async\" class=\"alignright wp-image-1372 size-full\" src=\"https:\/\/i0.wp.com\/www.rollers-coquillages.org\/wp2019\/wp-content\/uploads\/2022\/09\/logo-pcps.png?resize=270%2C60&#038;ssl=1\" alt=\"\" width=\"270\" height=\"60\">L\u2019Association a recours aux services d\u2019une association d\u00e9tentrice de l\u2019Agr\u00e9ment Op\u00e9rationnel de S\u00e9curit\u00e9 Civile (en l\u2019occurrence la Protection Civile) pour accompagner le cort\u00e8ge, avec un ou deux v\u00e9hicules et \u00e9quipes de premier-secours suivant l\u2019affluence. En cas de besoin, ils soigneront les petits bobos voire d\u00e9cideront d\u2019\u00e9vacuer la personne vers un h\u00f4pital pour examens ou soins plus approfondis.<\/p>\n<h2 id=\"reglement\">R\u00e8glement<\/h2>\n<p>Le R\u00e8glement de la Randonn\u00e9e est disponible <a href=\"https:\/\/www.rollers-coquillages.org\/wp2019\/wp-content\/uploads\/2020\/01\/reglement-randonnee.pdf\">ici (PDF)<\/a>.\u00a0 N\u2019h\u00e9sitez pas \u00e0 le consulter, et merci de vous y conformer !<\/p>\n<h2 id=\"autres-questions\">Autres questions ?<\/h2>\n<p>\u2026 vous en trouverez la r\u00e9ponse dans notre <a href=\"https:\/\/www.rollers-coquillages.org\/wp2019\/faq\/randonnee\/\">FAQ<\/a><\/p>\n<p style=\"text-align: center;\"><span style=\"color: #ff9900;\"><strong>Bonne rando !<\/strong><\/span><\/p>\n<p><\/p><\/body>","protected":false},"excerpt":{"rendered":"<p>Description Depuis 1997, tous les dimanches apr\u00e8s-midi, une randonn\u00e9e roller de masse, s\u00e9curis\u00e9e, ouverte \u00e0 tous, sans inscription ni paiement &hellip; <a href=\"https:\/\/www.rollers-coquillages.org\/fr\/randonnee\/\" class=\"more-link\">Continue reading <span class=\"screen-reader-text\">La randonn\u00e9e du dimanche<\/span><\/a><\/p>\n","protected":false},"author":1,"featured_media":0,"parent":0,"menu_order":0,"comment_status":"closed","ping_status":"closed","template":"page-templates\/sidebar-left.php","meta":{"footnotes":""},"class_list":["post-12","page","type-page","status-publish","hentry"],"jetpack_sharing_enabled":true,"_links":{"self":[{"href":"https:\/\/www.rollers-coquillages.org\/fr\/wp-json\/wp\/v2\/pages\/12","targetHints":{"allow":["GET"]}}],"collection":[{"href":"https:\/\/www.rollers-coquillages.org\/fr\/wp-json\/wp\/v2\/pages"}],"about":[{"href":"https:\/\/www.rollers-coquillages.org\/fr\/wp-json\/wp\/v2\/types\/page"}],"author":[{"embeddable":true,"href":"https:\/\/www.rollers-coquillages.org\/fr\/wp-json\/wp\/v2\/users\/1"}],"replies":[{"embeddable":true,"href":"https:\/\/www.rollers-coquillages.org\/fr\/wp-json\/wp\/v2\/comments?post=12"}],"version-history":[{"count":66,"href":"https:\/\/www.rollers-coquillages.org\/fr\/wp-json\/wp\/v2\/pages\/12\/revisions"}],"predecessor-version":[{"id":1512,"href":"https:\/\/www.rollers-coquillages.org\/fr\/wp-json\/wp\/v2\/pages\/12\/revisions\/1512"}],"wp:attachment":[{"href":"https:\/\/www.rollers-coquillages.org\/fr\/wp-json\/wp\/v2\/media?parent=12"}],"curies":[{"name":"wp","href":"https:\/\/api.w.org\/{rel}","templated":true}]}}