{"id":1026,"date":"2021-02-14T21:39:28","date_gmt":"2021-02-14T20:39:28","guid":{"rendered":"https:\/\/www.rollers-coquillages.org\/?page_id=1026"},"modified":"2021-04-06T23:17:14","modified_gmt":"2021-04-06T21:17:14","slug":"clef-de-readhesion-envoyee","status":"publish","type":"page","link":"https:\/\/www.rollers-coquillages.org\/fr\/clef-de-readhesion-envoyee\/","title":{"rendered":"Clef de r\u00e9adhesion envoy\u00e9e"},"content":{"rendered":"<body><p><\/p>\n<h1 id=\"clef-de-readhesion-envoyee\">Clef de r\u00e9adhesion envoy\u00e9e<\/h1>\n<p>Un mail de r\u00e9adh\u00e9sion vient d\u2019\u00eatre envoy\u00e9 \u00e0 l\u2019adresse enregistr\u00e9e pour ce membre <span style=\"color: #0000ff;\"><strong>()<\/strong><\/span>.<br>\nIl contient un lien clicable confidentiel, qui te permettra de proc\u00e9der \u00e0 ta r\u00e9adh\u00e9sion.<\/p>\n<p>Tu devrais le recevoir sous peu. S\u2019il ne semble pas arriver, v\u00e9rifie s\u2019il n\u2019est pas malencontreusement pass\u00e9 en \u00ab\u00a0courrier ind\u00e9sirable (spam)\u00a0\u00bb.<br>\nEt sinon, n\u2019h\u00e9site pas \u00e0 nous contacter : <a href=\"mailto:adhesions@rollers-coquillages.org\">mailto:adhesions@rollers-coquillages.org<\/a><\/p><\/body>","protected":false},"excerpt":{"rendered":"<p>Clef de r\u00e9adhesion envoy\u00e9e Un mail de r\u00e9adh\u00e9sion vient d\u2019\u00eatre envoy\u00e9 \u00e0 l\u2019adresse enregistr\u00e9e pour ce membre (). Il contient &hellip; <a href=\"https:\/\/www.rollers-coquillages.org\/fr\/clef-de-readhesion-envoyee\/\" class=\"more-link\">Continue reading <span class=\"screen-reader-text\">Clef de r\u00e9adhesion envoy\u00e9e<\/span><\/a><\/p>\n","protected":false},"author":1,"featured_media":0,"parent":0,"menu_order":0,"comment_status":"closed","ping_status":"closed","template":"","meta":{"footnotes":""},"class_list":["post-1026","page","type-page","status-publish","hentry"],"jetpack_sharing_enabled":true,"_links":{"self":[{"href":"https:\/\/www.rollers-coquillages.org\/fr\/wp-json\/wp\/v2\/pages\/1026","targetHints":{"allow":["GET"]}}],"collection":[{"href":"https:\/\/www.rollers-coquillages.org\/fr\/wp-json\/wp\/v2\/pages"}],"about":[{"href":"https:\/\/www.rollers-coquillages.org\/fr\/wp-json\/wp\/v2\/types\/page"}],"author":[{"embeddable":true,"href":"https:\/\/www.rollers-coquillages.org\/fr\/wp-json\/wp\/v2\/users\/1"}],"replies":[{"embeddable":true,"href":"https:\/\/www.rollers-coquillages.org\/fr\/wp-json\/wp\/v2\/comments?post=1026"}],"version-history":[{"count":9,"href":"https:\/\/www.rollers-coquillages.org\/fr\/wp-json\/wp\/v2\/pages\/1026\/revisions"}],"predecessor-version":[{"id":1126,"href":"https:\/\/www.rollers-coquillages.org\/fr\/wp-json\/wp\/v2\/pages\/1026\/revisions\/1126"}],"wp:attachment":[{"href":"https:\/\/www.rollers-coquillages.org\/fr\/wp-json\/wp\/v2\/media?parent=1026"}],"curies":[{"name":"wp","href":"https:\/\/api.w.org\/{rel}","templated":true}]}}