{"id":1005,"date":"2021-02-05T15:11:59","date_gmt":"2021-02-05T14:11:59","guid":{"rendered":"https:\/\/www.rollers-coquillages.org\/?page_id=1005"},"modified":"2022-10-21T15:40:07","modified_gmt":"2022-10-21T13:40:07","slug":"adhesion","status":"publish","type":"page","link":"https:\/\/www.rollers-coquillages.org\/fr\/adhesion\/","title":{"rendered":"Adh\u00e9sion"},"content":{"rendered":"<body><p><\/p>\n<h2 id=\"adhesion-en-ligne\">Adh\u00e9sion en ligne<\/h2>\n<p>Pour prendre ou renouveler une adh\u00e9sion:<\/p>\n<ul>\n<li><strong>avec paiement en-ligne s\u00e9curis\u00e9 par carte bancaire ou Paypal<\/strong>, entrer d\u2019abord nom\/pr\u00e9nom et date de naissance, ce qui nous permet de retrouver votre fiche si vous \u00eates d\u00e9j\u00e0 membre.<\/li>\n<li>avec un autre mode de paiement, passer nous voir avant ou apr\u00e8s la rando ou contacter la personne responsable (<a href=\"mailto:adhesions@rollers-coquillages.org\">mailto:adhesions@rollers-coquillages.org<\/a>).<\/li>\n<\/ul>\n<p><\/p><div class=\"forminator-ui forminator-custom-form forminator-custom-form-1007 forminator-design--default  forminator_ajax\" data-forminator-render=\"0\" data-form=\"forminator-module-1007\" data-uid=\"69f9eff977fc2\"><br><\/div><form id=\"forminator-module-1007\" class=\"forminator-ui forminator-custom-form forminator-custom-form-1007 forminator-design--default  forminator_ajax\" method=\"post\" data-forminator-render=\"0\" data-form-id=\"1007\" data-color-option=\"default\" data-design=\"default\" data-grid=\"open\" style=\"display: none;\" data-uid=\"69f9eff977fc2\"><div role=\"alert\" aria-live=\"polite\" class=\"forminator-response-message forminator-error\" aria-hidden=\"true\"><\/div><div class=\"forminator-row\"><div id=\"text-1\" class=\"forminator-field-text forminator-col forminator-col-6 \"><div class=\"forminator-field\"><label for=\"forminator-field-text-1_69f9eff977fc2\" id=\"forminator-field-text-1_69f9eff977fc2-label\" class=\"forminator-label\">Pr\u00e9nom <span class=\"forminator-required\">*<\/span><\/label><input type=\"text\" name=\"text-1\" value=\"\" placeholder=\"ex: Raoul\" id=\"forminator-field-text-1_69f9eff977fc2\" class=\"forminator-input forminator-name--field\" data-required=\"1\" maxlength=\"64\"><span id=\"forminator-field-text-1_69f9eff977fc2-description\" class=\"forminator-description\"><span data-limit=\"64\" data-type=\"characters\">0 \/ 64<\/span><\/span><\/div><\/div><div id=\"text-2\" class=\"forminator-field-text forminator-col forminator-col-6 \"><div class=\"forminator-field\"><label for=\"forminator-field-text-2_69f9eff977fc2\" id=\"forminator-field-text-2_69f9eff977fc2-label\" class=\"forminator-label\">Nom <span class=\"forminator-required\">*<\/span><\/label><input type=\"text\" name=\"text-2\" value=\"\" placeholder=\"ex:  Lebulot\" id=\"forminator-field-text-2_69f9eff977fc2\" class=\"forminator-input forminator-name--field\" data-required=\"1\" maxlength=\"64\"><span id=\"forminator-field-text-2_69f9eff977fc2-description\" class=\"forminator-description\"><span data-limit=\"64\" data-type=\"characters\">0 \/ 64<\/span><\/span><\/div><\/div><\/div><div class=\"forminator-row\"><div id=\"date-1\" class=\"forminator-field-date forminator-col forminator-col-12 \"><div class=\"forminator-field\"><label for=\"forminator-field-date-1-picker_69f9eff977fc2\" id=\"forminator-field-date-1-picker_69f9eff977fc2-label\" class=\"forminator-label\">Date de naissance <span class=\"forminator-required\">*<\/span><\/label><div class=\"forminator-input-with-icon\"><span class=\"forminator-icon-calendar\" aria-hidden=\"true\"><\/span><input autocomplete=\"off\" type=\"text\" size=\"1\" name=\"date-1\" value=\"\" placeholder=\"jj\/mm\/aaaa\" id=\"forminator-field-date-1-picker_69f9eff977fc2\" class=\"forminator-input forminator-datepicker\" data-required=\"1\" data-format=\"dd\/mm\/yy\" data-restrict-type=\"\" data-restrict=\"\" data-start-year=\"1926\" data-end-year=\"2126\" data-past-dates=\"enable\" data-start-of-week=\"1\" data-start-date=\"\" data-end-date=\"\" data-start-field=\"\" data-end-field=\"\" data-start-offset=\"\" data-end-offset=\"\" data-disable-date=\"\" data-disable-range=\"\"><\/div><\/div><\/div><\/div><input type=\"hidden\" name=\"referer_url\" value=\"\"><div class=\"forminator-row forminator-row-last\"><div class=\"forminator-col\"><div class=\"forminator-field\"><button class=\"forminator-button forminator-button-submit\">Passer \u00e0 la suite<\/button><\/div><\/div><\/div><input type=\"hidden\" id=\"forminator_nonce\" name=\"forminator_nonce\" value=\"f356d80f85\"><input type=\"hidden\" name=\"_wp_http_referer\" value=\"\/fr\/wp-json\/wp\/v2\/pages\/1005\"><input type=\"hidden\" name=\"form_id\" value=\"1007\"><input type=\"hidden\" name=\"page_id\" value=\"1005\"><input type=\"hidden\" name=\"form_type\" value=\"default\"><input type=\"hidden\" name=\"current_url\" value=\"https:\/\/www.rollers-coquillages.org\/fr\/adhesion\/\"><input type=\"hidden\" name=\"render_id\" value=\"0\"><input type=\"hidden\" name=\"action\" value=\"forminator_submit_form_custom-forms\"><\/form><\/body>","protected":false},"excerpt":{"rendered":"<p>Adh\u00e9sion en ligne Pour prendre ou renouveler une adh\u00e9sion: avec paiement en-ligne s\u00e9curis\u00e9 par carte bancaire ou Paypal, entrer d\u2019abord &hellip; <a href=\"https:\/\/www.rollers-coquillages.org\/fr\/adhesion\/\" class=\"more-link\">Continue reading <span class=\"screen-reader-text\">Adh\u00e9sion<\/span><\/a><\/p>\n","protected":false},"author":1,"featured_media":0,"parent":0,"menu_order":0,"comment_status":"closed","ping_status":"closed","template":"","meta":{"footnotes":""},"class_list":["post-1005","page","type-page","status-publish","hentry"],"jetpack_sharing_enabled":true,"_links":{"self":[{"href":"https:\/\/www.rollers-coquillages.org\/fr\/wp-json\/wp\/v2\/pages\/1005","targetHints":{"allow":["GET"]}}],"collection":[{"href":"https:\/\/www.rollers-coquillages.org\/fr\/wp-json\/wp\/v2\/pages"}],"about":[{"href":"https:\/\/www.rollers-coquillages.org\/fr\/wp-json\/wp\/v2\/types\/page"}],"author":[{"embeddable":true,"href":"https:\/\/www.rollers-coquillages.org\/fr\/wp-json\/wp\/v2\/users\/1"}],"replies":[{"embeddable":true,"href":"https:\/\/www.rollers-coquillages.org\/fr\/wp-json\/wp\/v2\/comments?post=1005"}],"version-history":[{"count":11,"href":"https:\/\/www.rollers-coquillages.org\/fr\/wp-json\/wp\/v2\/pages\/1005\/revisions"}],"predecessor-version":[{"id":1401,"href":"https:\/\/www.rollers-coquillages.org\/fr\/wp-json\/wp\/v2\/pages\/1005\/revisions\/1401"}],"wp:attachment":[{"href":"https:\/\/www.rollers-coquillages.org\/fr\/wp-json\/wp\/v2\/media?parent=1005"}],"curies":[{"name":"wp","href":"https:\/\/api.w.org\/{rel}","templated":true}]}}