{"id":1026,"date":"2021-02-14T21:39:28","date_gmt":"2021-02-14T20:39:28","guid":{"rendered":"https:\/\/www.rollers-coquillages.org\/?page_id=1026"},"modified":"2021-04-06T23:17:14","modified_gmt":"2021-04-06T21:17:14","slug":"clef-de-readhesion-envoyee","status":"publish","type":"page","link":"https:\/\/www.rollers-coquillages.org\/en\/clef-de-readhesion-envoyee\/","title":{"rendered":"(Fran\u00e7ais) Clef de r\u00e9adhesion envoy\u00e9e"},"content":{"rendered":"<body><p class=\"qtranxs-available-languages-message qtranxs-available-languages-message-en\">Sorry, this entry is only available in <a href=\"https:\/\/www.rollers-coquillages.org\/fr\/wp-json\/wp\/v2\/pages\/1026\" class=\"qtranxs-available-language-link qtranxs-available-language-link-fr\" title=\"Fran\u00e7ais\">Fran\u00e7ais<\/a>.<\/p><\/body>","protected":false},"excerpt":{"rendered":"<p>Sorry, this entry is only available in Fran\u00e7ais.<\/p>\n","protected":false},"author":1,"featured_media":0,"parent":0,"menu_order":0,"comment_status":"closed","ping_status":"closed","template":"","meta":{"footnotes":""},"class_list":["post-1026","page","type-page","status-publish","hentry"],"jetpack_sharing_enabled":true,"_links":{"self":[{"href":"https:\/\/www.rollers-coquillages.org\/en\/wp-json\/wp\/v2\/pages\/1026","targetHints":{"allow":["GET"]}}],"collection":[{"href":"https:\/\/www.rollers-coquillages.org\/en\/wp-json\/wp\/v2\/pages"}],"about":[{"href":"https:\/\/www.rollers-coquillages.org\/en\/wp-json\/wp\/v2\/types\/page"}],"author":[{"embeddable":true,"href":"https:\/\/www.rollers-coquillages.org\/en\/wp-json\/wp\/v2\/users\/1"}],"replies":[{"embeddable":true,"href":"https:\/\/www.rollers-coquillages.org\/en\/wp-json\/wp\/v2\/comments?post=1026"}],"version-history":[{"count":9,"href":"https:\/\/www.rollers-coquillages.org\/en\/wp-json\/wp\/v2\/pages\/1026\/revisions"}],"predecessor-version":[{"id":1126,"href":"https:\/\/www.rollers-coquillages.org\/en\/wp-json\/wp\/v2\/pages\/1026\/revisions\/1126"}],"wp:attachment":[{"href":"https:\/\/www.rollers-coquillages.org\/en\/wp-json\/wp\/v2\/media?parent=1026"}],"curies":[{"name":"wp","href":"https:\/\/api.w.org\/{rel}","templated":true}]}}